{"id":14838,"date":"2024-07-17T06:58:46","date_gmt":"2024-07-17T06:58:46","guid":{"rendered":"https:\/\/www.tiletastic.ca\/product\/tropisk-gradient\/"},"modified":"2024-07-17T06:58:46","modified_gmt":"2024-07-17T06:58:46","slug":"tropisk-gradient","status":"publish","type":"product","link":"https:\/\/www.tiletastic.ca\/da\/vare\/tropisk-gradient\/","title":{"rendered":"Tropisk gradient"},"content":{"rendered":"<p>Fordele ved at bruge Tropical Gradient poolfliser: \u00c6stetik: Disse fliser, med et unikt og i\u00f8jnefaldende udseende, kan fungere som omdrejningspunkt i ethvert rum og give det en speciel og tropisk effekt. Forskellige designs og farver: Tropical Gradient-fliser f\u00e5s i forskellige nuancer af gr\u00f8n, gul, orange og pink, med blomsterdesign og tropiske blade og kan koordineres med forskellige dekorationer. Anvendelse i forskellige rum: Udover poolen kan disse fliser ogs\u00e5 bruges i badev\u00e6relset, k\u00f8kkenet, stuen, gangen mv. Skab en f\u00f8lelse af friskhed og vitalitet: Disse flisers varme og friske farver og blomsterdesign indgyder rummet en f\u00f8lelse af friskhed, friskhed og vitalitet. Tips n\u00e5r du v\u00e6lger Tropical Gradient pool fliser: Flisefarve: V\u00e6lg farven p\u00e5 flisen, s\u00e5 den matcher farven p\u00e5 andre elementer i rummet. Flisekvalitet: Undg\u00e5 at k\u00f8be billige fliser af lav kvalitet. H\u00f8jkvalitetsfliser holder l\u00e6ngere og ser bedre ud. Id\u00e9er til brug af Tropical Gradient-poolfliser: Poolv\u00e6g: D\u00e6k en hel v\u00e6g med Tropical Gradient-fliser for at give din pool et friskt, tropisk look. Badev\u00e6relse: Brug disse fliser p\u00e5 dit badev\u00e6relse for at skabe en livlig atmosf\u00e6re. K\u00f8kken: Brug Tropical Gradient fliser til v\u00e6ggen bag din vask eller bord. Stue: Brug disse fliser til at skabe en accentv\u00e6g i din stue med tropisk tema. Tropical Gradient poolfliser med et unikt og tropisk udseende kan give ethvert rum en f\u00f8lelse af friskhed, friskhed og vitalitet. Ved at v\u00e6lge det rigtige design og farve kan du bruge disse fliser i forskellige rum i dit hjem og tilf\u00f8je sk\u00f8nheden i din dekoration. <script>\nwindow.addEventListener('message', function (e) {\n   if(e.data !== 'setData'){\nreturn\n   }\nvar iframe = document.querySelector('#vueapp')\ndocument.querySelector('#vueapp').height = `1700px`;iframe.contentWindow.postMessage(JSON.stringify({\n  name: 'chini',\n  colCount: 128,\n  rowCount: 169,\n  background: 'black',\n  repeat: 6,\n  positionTableName: 'tropical gradiant'\n}), '*')})\n<\/script><\/p>\n<div id=\"eJOY__extension_root\" class=\"eJOY__extension_root_class\" style=\"all: unset;\"><\/div>\n","protected":false},"excerpt":{"rendered":"<p>Tropical Gradient pool fliser: en rejse til tropiske lande i dybe farver Tropical Gradient pool fliser, inspireret af t\u00e6tte skove og deres frodige og friske farver, viser gr\u00f8nne, gule, orange og pink farvespektre p\u00e5 en b\u00f8lget og til tider blomstrende m\u00e5de p\u00e5 overfladen. Med et tropisk og i\u00f8jnefaldende udseende kan disse fliser bringe en f\u00f8lelse af vitalitet, friskhed og vitalitet til forskellige rum s\u00e5som swimmingpools, badev\u00e6relser, k\u00f8kkener osv.<\/p>\n","protected":false},"featured_media":13499,"template":"","meta":{"rank_math_lock_modified_date":false},"product_brand":[],"product_cat":[643,747],"product_tag":[],"class_list":{"0":"post-14838","1":"product","2":"type-product","3":"status-publish","4":"has-post-thumbnail","6":"product_cat-gradienter","7":"product_cat-tilpasset-produkt","9":"first","10":"onbackorder","11":"taxable","12":"shipping-taxable","13":"purchasable","14":"product-type-simple"},"_links":{"self":[{"href":"https:\/\/www.tiletastic.ca\/da\/wp-json\/wp\/v2\/product\/14838","targetHints":{"allow":["GET"]}}],"collection":[{"href":"https:\/\/www.tiletastic.ca\/da\/wp-json\/wp\/v2\/product"}],"about":[{"href":"https:\/\/www.tiletastic.ca\/da\/wp-json\/wp\/v2\/types\/product"}],"version-history":[{"count":0,"href":"https:\/\/www.tiletastic.ca\/da\/wp-json\/wp\/v2\/product\/14838\/revisions"}],"wp:featuredmedia":[{"embeddable":true,"href":"https:\/\/www.tiletastic.ca\/da\/wp-json\/wp\/v2\/media\/13499"}],"wp:attachment":[{"href":"https:\/\/www.tiletastic.ca\/da\/wp-json\/wp\/v2\/media?parent=14838"}],"wp:term":[{"taxonomy":"product_brand","embeddable":true,"href":"https:\/\/www.tiletastic.ca\/da\/wp-json\/wp\/v2\/product_brand?post=14838"},{"taxonomy":"product_cat","embeddable":true,"href":"https:\/\/www.tiletastic.ca\/da\/wp-json\/wp\/v2\/product_cat?post=14838"},{"taxonomy":"product_tag","embeddable":true,"href":"https:\/\/www.tiletastic.ca\/da\/wp-json\/wp\/v2\/product_tag?post=14838"}],"curies":[{"name":"wp","href":"https:\/\/api.w.org\/{rel}","templated":true}]}}