{"id":15629,"date":"2024-07-28T08:34:08","date_gmt":"2024-07-28T08:34:08","guid":{"rendered":"https:\/\/www.tiletastic.ca\/product\/hval-sang\/"},"modified":"2024-07-28T08:34:08","modified_gmt":"2024-07-28T08:34:08","slug":"hval-sang","status":"publish","type":"product","link":"https:\/\/www.tiletastic.ca\/da\/vare\/hval-sang\/","title":{"rendered":"Hval sang"},"content":{"rendered":"<p>Forskellige applikationer: Hvalsang har mange forskellige anvendelser, og du kan bruge den i forskellige dele af et rum, herunder: Receptionsv\u00e6gge: Ved hj\u00e6lp af Whale Song kan du skabe en smuk og i\u00f8jnefaldende accentv\u00e6g i din reception, som g\u00f8r rummet mere \u00e5bent og fredeligt. Sovev\u00e6relse: Dette produkt hj\u00e6lper dig med at skabe en rolig og behagelig atmosf\u00e6re til hvile og s\u00f8vn om natten. Bad: Ved at bruge dette produkt kan du f\u00e5 et afslappende og spa-lignende bad. Pool: Whale Songs bl\u00e5 og b\u00f8lgede design giver din pool et naturligt og smukt look. Kommercielle rum: I kommercielle rum som hoteller, kurbade og sk\u00f8nhedssaloner kan Whale Song v\u00e6re med til at skabe en rolig og behagelig atmosf\u00e6re for kunderne. Whale Song er et ideelt valg for dem, der s\u00f8ger at skabe en rolig, afslappende og naturinspireret atmosf\u00e6re i deres hjem eller arbejdsplads.    <script>\nwindow.addEventListener('message', function (e) {\n   if(e.data !== 'setData'){\nreturn\n   }\nvar iframe = document.querySelector('#vueapp')\ndocument.querySelector('#vueapp').height = `1700px`;iframe.contentWindow.postMessage(JSON.stringify({\n  name: 'chini',\n  colCount: 144,\n  rowCount: 144,\n  background: 'black',\n  repeat: 1,\n  positionTableName: 'Whale Song'\n}), '*')})\n<\/script><\/p>\n<div id=\"eJOY__extension_root\" class=\"eJOY__extension_root_class\" style=\"all: unset;\"><\/div>\n","protected":false},"excerpt":{"rendered":"<p>Whale Song er en samling af keramiske fliser, der, inspireret af havenes dybde og hvalers sang, bringer en rolig og dr\u00f8mmende atmosf\u00e6re til dit milj\u00f8.<\/p>\n","protected":false},"featured_media":15449,"template":"","meta":{"rank_math_lock_modified_date":false},"product_brand":[],"product_cat":[297],"product_tag":[],"class_list":{"0":"post-15629","1":"product","2":"type-product","3":"status-publish","4":"has-post-thumbnail","6":"product_cat-ikke-kategoriseret","8":"first","9":"onbackorder","10":"taxable","11":"shipping-taxable","12":"purchasable","13":"product-type-simple"},"_links":{"self":[{"href":"https:\/\/www.tiletastic.ca\/da\/wp-json\/wp\/v2\/product\/15629","targetHints":{"allow":["GET"]}}],"collection":[{"href":"https:\/\/www.tiletastic.ca\/da\/wp-json\/wp\/v2\/product"}],"about":[{"href":"https:\/\/www.tiletastic.ca\/da\/wp-json\/wp\/v2\/types\/product"}],"version-history":[{"count":0,"href":"https:\/\/www.tiletastic.ca\/da\/wp-json\/wp\/v2\/product\/15629\/revisions"}],"wp:featuredmedia":[{"embeddable":true,"href":"https:\/\/www.tiletastic.ca\/da\/wp-json\/wp\/v2\/media\/15449"}],"wp:attachment":[{"href":"https:\/\/www.tiletastic.ca\/da\/wp-json\/wp\/v2\/media?parent=15629"}],"wp:term":[{"taxonomy":"product_brand","embeddable":true,"href":"https:\/\/www.tiletastic.ca\/da\/wp-json\/wp\/v2\/product_brand?post=15629"},{"taxonomy":"product_cat","embeddable":true,"href":"https:\/\/www.tiletastic.ca\/da\/wp-json\/wp\/v2\/product_cat?post=15629"},{"taxonomy":"product_tag","embeddable":true,"href":"https:\/\/www.tiletastic.ca\/da\/wp-json\/wp\/v2\/product_tag?post=15629"}],"curies":[{"name":"wp","href":"https:\/\/api.w.org\/{rel}","templated":true}]}}