{"id":14843,"date":"2024-07-17T06:58:46","date_gmt":"2024-07-17T06:58:46","guid":{"rendered":"https:\/\/www.tiletastic.ca\/product\/gradiente-tropical\/"},"modified":"2024-07-17T06:58:46","modified_gmt":"2024-07-17T06:58:46","slug":"gradiente-tropical","status":"publish","type":"product","link":"https:\/\/www.tiletastic.ca\/es\/producto\/gradiente-tropical\/","title":{"rendered":"gradiente tropical"},"content":{"rendered":"<p>Ventajas de utilizar losetas para piscina Tropical Gradient: Est\u00e9tica: Estas baldosas, con un aspecto \u00fanico y llamativo, pueden actuar como punto focal en cualquier espacio y darle un efecto especial y tropical. Variedad de dise\u00f1os y colores: Los mosaicos Tropical Gradient est\u00e1n disponibles en diferentes tonos de verde, amarillo, naranja y rosa, con dise\u00f1os florales y hojas tropicales, y se pueden coordinar con diferentes decoraciones. Aplicaci\u00f3n en diferentes espacios: Adem\u00e1s de en la piscina, estos azulejos tambi\u00e9n se pueden utilizar en el ba\u00f1o, cocina, sal\u00f3n, pasillo, etc. Creando una sensaci\u00f3n de frescura y vitalidad: Los colores c\u00e1lidos y frescos y los dise\u00f1os florales de estos azulejos infunden una sensaci\u00f3n de frescura, frescura y vitalidad en el espacio. Consejos al elegir mosaicos para piscina con degradado tropical: Color del mosaico: elija el color del mosaico para que coincida con el color de otros elementos del espacio. Calidad de los azulejos: Evite comprar azulejos baratos y de baja calidad. Los azulejos de alta calidad duran m\u00e1s y lucen mejor. Ideas para usar losetas para piscinas con degradado tropical: Pared de la piscina: cubra una pared entera con losetas con degradado tropical para darle a su piscina un aspecto fresco y tropical. Ba\u00f1o: Utilice estos azulejos en su ba\u00f1o para crear un ambiente animado. Cocina: Utilice azulejos Tropical Degradado para la pared detr\u00e1s del fregadero o mostrador. Sala de estar: utilice estos azulejos para crear una pared decorativa en su sala de estar con tem\u00e1tica tropical. Los azulejos para piscina Tropical Gradient con una apariencia \u00fanica y tropical pueden darle a cualquier espacio una sensaci\u00f3n de frescura, frescura y vitalidad. Al elegir el dise\u00f1o y el color correctos, podr\u00e1s utilizar estos azulejos en diferentes espacios de tu hogar y contribuir a la belleza de tu decoraci\u00f3n. <script>\nwindow.addEventListener('message', function (e) {\n   if(e.data !== 'setData'){\nreturn\n   }\nvar iframe = document.querySelector('#vueapp')\ndocument.querySelector('#vueapp').height = `1700px`;iframe.contentWindow.postMessage(JSON.stringify({\n  name: 'chini',\n  colCount: 128,\n  rowCount: 169,\n  background: 'black',\n  repeat: 6,\n  positionTableName: 'tropical gradiant'\n}), '*')})\n<\/script><\/p>\n<div id=\"eJOY__extension_root\" class=\"eJOY__extension_root_class\" style=\"all: unset;\"><\/div>\n","protected":false},"excerpt":{"rendered":"<p>Azulejo para piscina Tropical Gradient: un viaje a tierras tropicales en colores profundos El azulejo para piscina Tropical Gradient, inspirado en los densos bosques y sus colores frondosos y frescos, despliega espectros crom\u00e1ticos verdes, amarillos, naranjas y rosas de forma ondulada y en ocasiones floreada en su superficie. Con un aspecto tropical y llamativo, estos azulejos pueden aportar sensaci\u00f3n de vitalidad, frescura y vitalidad a diferentes espacios como piscinas, ba\u00f1os, cocinas, etc.<\/p>\n","protected":false},"featured_media":13504,"template":"","meta":{"rank_math_lock_modified_date":false},"product_brand":[],"product_cat":[648,752],"product_tag":[],"class_list":{"0":"post-14843","1":"product","2":"type-product","3":"status-publish","4":"has-post-thumbnail","6":"product_cat-degradados","7":"product_cat-producto-personalizado","9":"first","10":"onbackorder","11":"taxable","12":"shipping-taxable","13":"purchasable","14":"product-type-simple"},"_links":{"self":[{"href":"https:\/\/www.tiletastic.ca\/es\/wp-json\/wp\/v2\/product\/14843","targetHints":{"allow":["GET"]}}],"collection":[{"href":"https:\/\/www.tiletastic.ca\/es\/wp-json\/wp\/v2\/product"}],"about":[{"href":"https:\/\/www.tiletastic.ca\/es\/wp-json\/wp\/v2\/types\/product"}],"version-history":[{"count":0,"href":"https:\/\/www.tiletastic.ca\/es\/wp-json\/wp\/v2\/product\/14843\/revisions"}],"wp:featuredmedia":[{"embeddable":true,"href":"https:\/\/www.tiletastic.ca\/es\/wp-json\/wp\/v2\/media\/13504"}],"wp:attachment":[{"href":"https:\/\/www.tiletastic.ca\/es\/wp-json\/wp\/v2\/media?parent=14843"}],"wp:term":[{"taxonomy":"product_brand","embeddable":true,"href":"https:\/\/www.tiletastic.ca\/es\/wp-json\/wp\/v2\/product_brand?post=14843"},{"taxonomy":"product_cat","embeddable":true,"href":"https:\/\/www.tiletastic.ca\/es\/wp-json\/wp\/v2\/product_cat?post=14843"},{"taxonomy":"product_tag","embeddable":true,"href":"https:\/\/www.tiletastic.ca\/es\/wp-json\/wp\/v2\/product_tag?post=14843"}],"curies":[{"name":"wp","href":"https:\/\/api.w.org\/{rel}","templated":true}]}}