{"id":16750,"date":"2024-07-17T06:58:46","date_gmt":"2024-07-17T06:58:46","guid":{"rendered":"https:\/\/www.tiletastic.ca\/product\/tropikal-gradyan\/"},"modified":"2024-10-01T13:46:05","modified_gmt":"2024-10-01T13:46:05","slug":"tropikal-gradyan","status":"publish","type":"product","link":"https:\/\/www.tiletastic.ca\/tr\/urun\/tropikal-gradyan\/","title":{"rendered":"Tropical gradiant"},"content":{"rendered":"<p>Tropikal Degrade havuz karolar\u0131 kullanman\u0131n avantajlar\u0131: Estetik: Benzersiz ve g\u00f6z al\u0131c\u0131 bir g\u00f6r\u00fcn\u00fcme sahip olan bu karolar, herhangi bir alanda odak noktas\u0131 g\u00f6revi g\u00f6rebilir ve ona \u00f6zel ve tropikal bir etki kazand\u0131rabilir. \u00c7e\u015fitli tasar\u0131mlar ve renkler: Tropikal Degrade karolar, \u00e7i\u00e7ek desenleri ve tropikal yapraklarla ye\u015fil, sar\u0131, turuncu ve pembe tonlar\u0131nda mevcuttur ve farkl\u0131 dekorasyonlarla koordine edilebilir. Farkl\u0131 alanlarda uygulama: Havuzun yan\u0131 s\u0131ra, bu karolar banyo, mutfak, oturma odas\u0131, koridor vb. yerlerde de kullan\u0131labilir. Tazelik ve canl\u0131l\u0131k hissi yaratma: Bu karolar\u0131n s\u0131cak ve taze renkleri ve \u00e7i\u00e7ek desenleri, alana tazelik, ferahl\u0131k ve canl\u0131l\u0131k hissi a\u015f\u0131lar. Tropikal Degrade havuz karolar\u0131 se\u00e7erken ipu\u00e7lar\u0131: Karo Rengi: Karonun rengini, alandaki di\u011fer unsurlar\u0131n rengiyle uyumlu olacak \u015fekilde se\u00e7in. Karo kalitesi: Ucuz ve d\u00fc\u015f\u00fck kaliteli karolar sat\u0131n almaktan ka\u00e7\u0131n\u0131n. Y\u00fcksek kaliteli karolar daha uzun \u00f6m\u00fcrl\u00fcd\u00fcr ve daha iyi g\u00f6r\u00fcn\u00fcr. Tropikal Degrade havuz fayanslar\u0131n\u0131 kullanma fikirleri: Havuz duvar\u0131: Havuzunuza taze, tropikal bir g\u00f6r\u00fcn\u00fcm kazand\u0131rmak i\u00e7in t\u00fcm duvar\u0131 Tropikal Degrade fayanslarla kaplay\u0131n. Banyo: Canl\u0131 bir atmosfer yaratmak i\u00e7in banyonuzda bu fayanslar\u0131 kullan\u0131n. Mutfak: Lavabonuzun veya tezgah\u0131n\u0131z\u0131n arkas\u0131ndaki duvarda Tropikal Degrade fayanslar kullan\u0131n. Oturma odas\u0131: Tropikal temal\u0131 oturma odan\u0131zda vurgulu bir duvar yaratmak i\u00e7in bu fayanslar\u0131 kullan\u0131n. Benzersiz ve tropikal bir g\u00f6r\u00fcn\u00fcme sahip Tropikal Degrade havuz fayanslar\u0131, her mekana tazelik, ferahl\u0131k ve canl\u0131l\u0131k hissi verebilir. Do\u011fru tasar\u0131m\u0131 ve rengi se\u00e7erek, bu fayanslar\u0131 evinizin farkl\u0131 alanlar\u0131nda kullanabilir ve dekorasyonunuzun g\u00fczelli\u011fine g\u00fczellik katabilirsiniz.             <script>\nwindow.addEventListener('message', function (e) {\n   if(e.data !== 'setData'){\nreturn\n   }\nvar iframe = document.querySelector('#vueapp')\ndocument.querySelector('#vueapp').height = `1700px`;iframe.contentWindow.postMessage(JSON.stringify({\n  name: 'chini',\n  colCount: 128,\n  rowCount: 169,\n  background: 'black',\n  repeat: 6,\n  positionTableName: 'tropical gradiant'\n}), '*')})\n<\/script><\/p>\n<div id=\"eJOY__extension_root\" class=\"eJOY__extension_root_class\" style=\"all: unset;\"><\/div>\n","protected":false},"excerpt":{"rendered":"<p>Tropikal Degrade havuz karosu: derin renklerle tropikal topraklara bir yolculuk Yo\u011fun ormanlardan ve yemye\u015fil ve taze renklerinden ilham alan Tropikal Degrade havuz karosu, y\u00fczeyinde dalgal\u0131 ve bazen \u00e7i\u00e7ekli bir \u015fekilde ye\u015fil, sar\u0131, turuncu ve pembe renk spektrumlar\u0131n\u0131 sergiler. Tropikal ve g\u00f6z al\u0131c\u0131 bir g\u00f6r\u00fcn\u00fcme sahip olan bu karolar, y\u00fczme havuzlar\u0131, banyolar, mutfaklar vb. gibi farkl\u0131 alanlara canl\u0131l\u0131k, tazelik ve zindelik hissi getirebilir. <\/p>\n","protected":false},"featured_media":16751,"template":"","meta":{"rank_math_lock_modified_date":false},"product_brand":[],"product_cat":[1424,1423],"product_tag":[],"class_list":{"0":"post-16750","1":"product","2":"type-product","3":"status-publish","4":"has-post-thumbnail","6":"product_cat-gradyanlar","7":"product_cat-ozel-urun","9":"first","10":"onbackorder","11":"taxable","12":"shipping-taxable","13":"purchasable","14":"product-type-simple"},"_links":{"self":[{"href":"https:\/\/www.tiletastic.ca\/tr\/wp-json\/wp\/v2\/product\/16750","targetHints":{"allow":["GET"]}}],"collection":[{"href":"https:\/\/www.tiletastic.ca\/tr\/wp-json\/wp\/v2\/product"}],"about":[{"href":"https:\/\/www.tiletastic.ca\/tr\/wp-json\/wp\/v2\/types\/product"}],"version-history":[{"count":0,"href":"https:\/\/www.tiletastic.ca\/tr\/wp-json\/wp\/v2\/product\/16750\/revisions"}],"wp:featuredmedia":[{"embeddable":true,"href":"https:\/\/www.tiletastic.ca\/tr\/wp-json\/wp\/v2\/media\/16751"}],"wp:attachment":[{"href":"https:\/\/www.tiletastic.ca\/tr\/wp-json\/wp\/v2\/media?parent=16750"}],"wp:term":[{"taxonomy":"product_brand","embeddable":true,"href":"https:\/\/www.tiletastic.ca\/tr\/wp-json\/wp\/v2\/product_brand?post=16750"},{"taxonomy":"product_cat","embeddable":true,"href":"https:\/\/www.tiletastic.ca\/tr\/wp-json\/wp\/v2\/product_cat?post=16750"},{"taxonomy":"product_tag","embeddable":true,"href":"https:\/\/www.tiletastic.ca\/tr\/wp-json\/wp\/v2\/product_tag?post=16750"}],"curies":[{"name":"wp","href":"https:\/\/api.w.org\/{rel}","templated":true}]}}